{"id":2723,"date":"2026-04-10T18:41:26","date_gmt":"2026-04-10T18:41:26","guid":{"rendered":"https:\/\/wallersheim.duckdns.org\/?page_id=2723"},"modified":"2026-04-13T10:39:18","modified_gmt":"2026-04-13T10:39:18","slug":"wallersheimer-nsdap-mitglieder-der-ortsgruppe-wallersheim","status":"publish","type":"page","link":"https:\/\/schnegger.duckdns.org\/?page_id=2723","title":{"rendered":"NSDAP-Mitglieder der Ortsgruppe Wallersheim**"},"content":{"rendered":"<a href=\"https:\/\/www.wallersheim.org\/wp-content\/uploads\/2026\/04\/2026-04-13_NSDAP-Mitgliedschaften_V03.pdf\" class=\"pdfemb-viewer\" style=\"\" data-width=\"max\" data-height=\"max\" data-toolbar=\"bottom\" data-toolbar-fixed=\"off\">2026-04-13_NSDAP-Mitgliedschaften_V03<\/a>\n<p>Quelle:\u00a0 <a href=\"https:\/\/catalog.archives.gov\/id\/12044361\" target=\"_blank\" rel=\"noopener\">NSDAP-Mitgliedschaften_NARA-Archiv<\/a><\/p>\n<p dir=\"auto\">Diese Liste basiert auf den digitalisierten Mikrofilmen der NSDAP-Mitgliederkartei (Ortsgruppenkartei) aus dem US-Nationalarchiv (NARA), Record Group 242, Microfilm Publication A3340. Originale im Bundesarchiv Berlin. Die \u00fcberlieferten Unterlagen sind unvollst\u00e4ndig (Kriegsverluste, gezielte Vernichtung von Akten). Fehlende Eintr\u00e4ge bedeuten nicht zwangsl\u00e4ufig, dass eine Person kein Mitglied war. Die Ver\u00f6ffentlichung dient ausschlie\u00dflich der historischen Aufarbeitung und Forschung. Eine Mitgliedschaft in der NSDAP sagt nichts \u00fcber pers\u00f6nliche \u00dcberzeugungen aus (Zwangsbeitritte, opportunistische Gr\u00fcnde etc. waren h\u00e4ufig). Die Liste dient nicht der Diffamierung lebender Personen oder ihrer Nachkommen.<br \/>\nDie in der Spalte &#8222;Wohnung&#8220; angegebenen Zahlen, sofern vorhanden, sind die zu dieser Zeit verwandten Hausnummern. Diese Hausnummern korrespondieren mit den auf der Seite &#8222;Kartenansicht&#8220; verwandten Hausnummern.<\/p>\n<p dir=\"auto\">Bei berechtigten Anliegen (z. B. L\u00f6schung eines Eintrags aus pers\u00f6nlichkeitsrechtlichen Gr\u00fcnden) kontaktieren Sie mich bitte.<\/p>\n<p>*)\u00a0 Zum Mitglied Wilhelm Sasges ist vermerkt: &#8222;Wilhelm Sasges wurde am <strong>26. November 1943<\/strong> durch Beschluss des NSDAP-Kreisgerichts Mosel aus der Partei <strong>ausgeschlossen<\/strong>. Die Uschla (das parteiinterne Disziplinarorgan) des Kreises Mosel hatte das Verfahren gef\u00fchrt.&#8220;<br \/>\n**) Im Jahre 1937 gab es noch keine eigenst\u00e4ndige Ortsgruppe Wallersheim. Zu diesem Zeitpunkt eingetretene Mitglieder wurden unter der Ortsgruppe B\u00fcdesheim erfasst.<\/p>\n","protected":false},"excerpt":{"rendered":"<p>Quelle:\u00a0 NSDAP-Mitgliedschaften_NARA-Archiv Diese Liste basiert auf den digitalisierten Mikrofilmen der NSDAP-Mitgliederkartei (Ortsgruppenkartei) aus dem US-Nationalarchiv (NARA), Record Group 242, Microfilm Publication A3340. [&hellip;]<\/p>\n","protected":false},"author":1,"featured_media":0,"parent":0,"menu_order":0,"comment_status":"closed","ping_status":"closed","template":"page-templates\/page_fullwidth.php","meta":{"om_disable_all_campaigns":false,"_monsterinsights_skip_tracking":false,"_monsterinsights_sitenote_active":false,"_monsterinsights_sitenote_note":"","_monsterinsights_sitenote_category":0,"_uf_show_specific_survey":0,"_uf_disable_surveys":false,"footnotes":""},"class_list":["post-2723","page","type-page","status-publish","hentry"],"aioseo_notices":[],"_links":{"self":[{"href":"https:\/\/schnegger.duckdns.org\/index.php?rest_route=\/wp\/v2\/pages\/2723","targetHints":{"allow":["GET"]}}],"collection":[{"href":"https:\/\/schnegger.duckdns.org\/index.php?rest_route=\/wp\/v2\/pages"}],"about":[{"href":"https:\/\/schnegger.duckdns.org\/index.php?rest_route=\/wp\/v2\/types\/page"}],"author":[{"embeddable":true,"href":"https:\/\/schnegger.duckdns.org\/index.php?rest_route=\/wp\/v2\/users\/1"}],"replies":[{"embeddable":true,"href":"https:\/\/schnegger.duckdns.org\/index.php?rest_route=%2Fwp%2Fv2%2Fcomments&post=2723"}],"version-history":[{"count":13,"href":"https:\/\/schnegger.duckdns.org\/index.php?rest_route=\/wp\/v2\/pages\/2723\/revisions"}],"predecessor-version":[{"id":2742,"href":"https:\/\/schnegger.duckdns.org\/index.php?rest_route=\/wp\/v2\/pages\/2723\/revisions\/2742"}],"wp:attachment":[{"href":"https:\/\/schnegger.duckdns.org\/index.php?rest_route=%2Fwp%2Fv2%2Fmedia&parent=2723"}],"curies":[{"name":"wp","href":"https:\/\/api.w.org\/{rel}","templated":true}]}}